{"id":469,"date":"2020-11-20T18:04:22","date_gmt":"2020-11-20T18:04:22","guid":{"rendered":"http:\/\/apps.olozfera.mx\/plazas\/pfsa\/?page_id=469"},"modified":"2020-11-20T18:07:20","modified_gmt":"2020-11-20T18:07:20","slug":"aviso-de-privacidad","status":"publish","type":"page","link":"http:\/\/apps.olozfera.mx\/plazas\/pfsa\/aviso-de-privacidad\/","title":{"rendered":"AVISO DE PRIVACIDAD"},"content":{"rendered":"\n<p><strong>Inmobiliaria Valle de Colorines, S.A. de C.V. y sus subsidiarias y\/o filiales, en conjunto denominadas GM Capital, con domicilio en Batall\u00f3n de San Patricio No. 1000, Interior 7, Residencial San Agust\u00edn, San Pedro Garza Garc\u00eda, N.L. 66260, comprometido con la protecci\u00f3n de datos personales y en cumplimiento a la Ley Federal de Protecci\u00f3n de Datos Personales en Posesi\u00f3n de los Particulares, le informa que es el responsable del uso y protecci\u00f3n de sus datos personales y pone a su disposici\u00f3n el presente Aviso de Privacidad.<\/strong><\/p>\n\n\n\n<p><strong>Asimismo, le informamos que el responsable cuenta con los controles administrativos necesarios para mantener protegidos sus datos personales y que se le ha transmitido a nuestro personal la importancia que representa ejercer los principios de Licitud, Informaci\u00f3n, Consentimiento, Calidad, Finalidad, Lealtad, Proporcionalidad y Responsabilidad con todos los datos personales manejados por la compa\u00f1\u00eda.<\/strong><\/p>\n\n\n\n<p><strong>Finalidades del tratamiento de datos personales.<\/strong><\/p>\n\n\n\n<p><strong>GM Capital tratar\u00e1 los datos personales recabados para las siguientes finalidades que son necesarias para los servicios proporcionados, as\u00ed como para los procedimientos internos de la compa\u00f1\u00eda:<\/strong><\/p>\n\n\n\n<ul><li><strong>Evaluaci\u00f3n de personas morales y\/o f\u00edsicas para iniciar relaci\u00f3n comercial.<\/strong><\/li><li><strong>Realizar oferta de compra a personas f\u00edsicas y\/o morales en desarrollos inmobiliarios y\/o locales comerciales.<\/strong><\/li><li><strong>Cumplimiento de las disposiciones jur\u00eddicas que regulan la prevenci\u00f3n, detecci\u00f3n y combate a las operaciones con recursos de procedencia il\u00edcita y financiamiento al terrorismo.<\/strong><\/li><li><strong>Evaluaci\u00f3n de personas f\u00edsicas para iniciar relaci\u00f3n laboral.<\/strong><\/li><li><strong>Obtener referencias laborales de candidatos a empleados.<\/strong><\/li><\/ul>\n\n\n\n<p><strong>El tratamiento de datos personales se limitar\u00e1 al cumplimiento de las finalidades previstas en este aviso de privacidad; y a fines distintos que resulten compatibles o complementarios a los establecidos en este aviso, sin que para ello se requiera obtener nuevamente su consentimiento.<\/strong><\/p>\n\n\n\n<p><strong>De manera adicional, utilizaremos su informaci\u00f3n personal para las siguientes finalidades que no son necesarias para la relaci\u00f3n con GM Capital, pero que nos permiten brindarle una mejor atenci\u00f3n:<\/strong><\/p>\n\n\n\n<ul><li><strong>Env\u00edo de informaci\u00f3n y\/o invitaci\u00f3n de nuevos proyectos para fines de mercadotecnia, publicidad y\/o prospectaci\u00f3n comercial.<\/strong><\/li><li><strong>Evaluaci\u00f3n de calidad en el servicio.<\/strong><\/li><\/ul>\n\n\n\n<p><strong>En caso de que no desee que sus datos personales sean tratados para estas finalidades adicionales, usted podr\u00e1 manifestar su negativa desde el momento en que sus datos le sean recabados, o bien, solicitando el formato correspondiente a la direcci\u00f3n electr\u00f3nica privacidad@gmcapital.com.mx.<\/strong><\/p>\n\n\n\n<p><strong>La negativa para el uso de sus datos personales para estas finalidades adicionales no podr\u00e1 ser un motivo para que le neguemos los servicios y\/o la atenci\u00f3n necesaria.<\/strong><\/p>\n\n\n\n<p><strong>Compromisos del titular<\/strong><\/p>\n\n\n\n<p><strong>En caso de que proporcione datos personales a GM Capital, es importante que \u00e9stos se encuentren actualizados, completos y correctos. Si existe alguna actualizaci\u00f3n o equivocaci\u00f3n le solicitamos atentamente nos lo notifique conforme a lo contenido en el presente Aviso.<\/strong><\/p>\n\n\n\n<p><strong>De no cumplir con el p\u00e1rrafo anterior, GM Capital pudiera proceder a la suspensi\u00f3n del contratos o terminaci\u00f3n de relaci\u00f3n laboral.<\/strong><\/p>\n\n\n\n<p><strong>En caso de que alg\u00fan formulario se\u00f1ale que alg\u00fan dato es opcional, la entrega de estos quedar\u00e1 a decisi\u00f3n de usted. Con estos datos nos facilitar\u00e1 le elaboraci\u00f3n de contratos, bases de datos para fines estad\u00edsticos o para contar con expedientes completos.<\/strong><\/p>\n\n\n\n<p><strong>Datos personales a tratar.<\/strong><\/p>\n\n\n\n<p><strong>GM Capital le informa que posee, recaba o recabar\u00e1 de usted, los datos personales necesarios y datos personales sensibles, para la adecuada realizaci\u00f3n de sus operaciones y prestaci\u00f3n de sus servicios.<\/strong><\/p>\n\n\n\n<p><strong>Dichos datos personales pueden haber sido o pueden ser obtenidos de usted, ya sea personalmente o bien, directamente por cualquier medio electr\u00f3nico, \u00f3ptico, sonoro, visual, o a trav\u00e9s de cualquier otra tecnolog\u00eda.<\/strong><\/p>\n\n\n\n<p><strong>Los datos personales recabados por el responsable son los siguientes:<\/strong><\/p>\n\n\n\n<p><strong>Datos generales<\/strong><\/p>\n\n\n\n<p><strong>Proveedores y Arrendatarios.<\/strong><\/p>\n\n\n\n<p><strong>Nombre o raz\u00f3n social, domicilio, tel\u00e9fono, correo electr\u00f3nico, registro federal de contribuyentes (RFC), identificaci\u00f3n oficial, acta constitutiva, poder de representante legal, alta patronal, alta SHCP, caratula interbancaria de cuenta y clabe.<\/strong><\/p>\n\n\n\n<p><strong>Potenciales Clientes.<\/strong><\/p>\n\n\n\n<p><strong>Identificaci\u00f3n oficial, CURP, acta de nacimiento, acta de matrimonio, acta defunci\u00f3n, constancia RFC, comprobante de domicilio actualizado.<\/strong><\/p>\n\n\n\n<p><strong>Candidatos a empleado y empleados.<\/strong><\/p>\n\n\n\n<p><strong>Nombre completo, domicilio, fecha de nacimiento lugar de nacimiento, edad, sexo, estatura, peso, estado civil, RFC, IMSS, CURP, Afore, datos para beneficiario, estudios, referencias personales, datos familiares, experiencia laboral.<\/strong><\/p>\n\n\n\n<p><strong>Datos sensibles<\/strong><\/p>\n\n\n\n<p><strong>Candidatos a empleados y empleados.<\/strong><\/p>\n\n\n\n<p><strong>Impedimentos f\u00edsicos, datos de salud, datos biom\u00e9tricos.<\/strong><\/p>\n\n\n\n<p><strong>Transferencias de datos personales.<\/strong><\/p>\n\n\n\n<p><strong>Con la finalidad de dar cumplimiento a las obligaciones derivadas de la relaci\u00f3n comercial, jur\u00eddica o laboral con usted, as\u00ed como para las finalidades previstas en este aviso de privacidad, GM Capital podr\u00e1 compartir sus datos transferir sin su consentimiento, los datos personales necesarios en los siguientes supuestos:<\/strong><\/p>\n\n\n\n<ul><li><strong>Dependencias gubernamentales y\/o autoridades mexicanas que as\u00ed lo soliciten derivado de la relaci\u00f3n entre GM Capital y el titular.<\/strong><\/li><li><strong>Notarios p\u00fablicos. Para elaboraci\u00f3n de poderes legales.<\/strong><\/li><li><strong>Corredores o Brokers. Como intermediaci\u00f3n para contrataci\u00f3n de seguros.<\/strong><\/li><\/ul>\n\n\n\n<p><strong>Medios y procedimientos para ejercer los derechos ARCO y\/o revocaci\u00f3n del consentimiento.<\/strong><\/p>\n\n\n\n<p><strong>Para el ejercicio de cualquiera de los derechos ARCO y\/o revocaci\u00f3n del consentimiento usted deber\u00e1 presentar la solicitud correspondiente solicit\u00e1ndola a la direcci\u00f3n electr\u00f3nica privacidad@gmcapital.com.mx considerando lo siguiente:<\/strong><\/p>\n\n\n\n<p><strong>El titular deber\u00e1 responder personalmente la solicitud de acceso a los derechos ARCO y\/o revocaci\u00f3n del consentimiento, o en su caso, lo podr\u00e1 hacer un representante legal debidamente acreditado con una identificaci\u00f3n oficial y la solicitud debidamente requisitada y firmada.<\/strong><\/p>\n\n\n\n<p><strong>El responsable comunicar\u00e1 al titular, en un plazo m\u00e1ximo de veinte d\u00edas naturales, contados desde la fecha en que se recibi\u00f3 la solicitud de ejercicio a los derechos ARCO, la determinaci\u00f3n adoptada, a efecto de que, si resulta procedente, se haga efectiva la misma dentro de los quince d\u00edas naturales siguientes a la fecha en que se comunica la respuesta. Trat\u00e1ndose de solicitudes de acceso a datos personales, proceder\u00e1 la entrega previa acreditaci\u00f3n de la identidad del titular o representante legal, seg\u00fan corresponda. La respuesta ser\u00e1 comunicada al titular por el mismo medio en que sea recibida su solicitud.<\/strong><\/p>\n\n\n\n<p><strong>En caso de la revocaci\u00f3n del consentimiento, el responsable comunicar\u00e1 al titular en un plazo m\u00e1ximo de cinco d\u00edas naturales, contados a partir desde la fecha en que se recibi\u00f3 la solicitud de revocaci\u00f3n del consentimiento, a efecto de que, si resulta procedente, se haga efectiva al momento de entregar la respuesta por parte del responsable.<\/strong><\/p>\n\n\n\n<p><strong>As\u00ed mismo le informamos que los datos del departamento que dar\u00e1 tr\u00e1mite a las solicitudes, para el ejercicio de los derechos ARCO, as\u00ed como atender cualquier duda que pudiera tener respecto al tratamiento de sus datos personales son los siguientes:<\/strong><\/p>\n\n\n\n<p><strong>Departamento de Control Interno con domicilio en Jos\u00e9 Clemente Orozco No. 329, Zona Valle Oriente, San Pedro Garza Garc\u00eda, N.L., C.P. 66278, y en la direcci\u00f3n electr\u00f3nica privacidad@gmcapital.com.mx.<\/strong><\/p>\n\n\n\n<p><strong>Para la revocaci\u00f3n del consentimiento, es importante que tenga en cuenta que no en todos los casos podremos atender su solicitud o concluir el uso de forma inmediata, ya que es posible que por alguna obligaci\u00f3n legal requiramos seguir tratando sus datos personales. Asimismo, usted deber\u00e1 considerar que, para ciertos fines, la revocaci\u00f3n de su consentimiento implicar\u00e1 que no le podamos seguir prestando el servicio o la conclusi\u00f3n de su relaci\u00f3n con la compa\u00f1\u00eda.<\/strong><\/p>\n\n\n\n<p><strong>Mecanismo para manifestar la negativa y limitar el uso o divulgaci\u00f3n de los datos personales.<\/strong><\/p>\n\n\n\n<p><strong>Con el objetivo de que usted pueda limitar el uso y divulgaci\u00f3n de su informaci\u00f3n personal, le ofrecemos los siguientes medios<\/strong><\/p>\n\n\n\n<ul><li><strong>Su registro en el listado de exclusi\u00f3n propio de GM Capital, a fin de que sus datos personales no sean tratados para fines de mercadotecnia, publicitarios o de prospecci\u00f3n comercial por parte de la compa\u00f1\u00eda.<\/strong><\/li><li><strong>Su inscripci\u00f3n en el Registro P\u00fablico para Evitar Publicidad (REPEP), que est\u00e1 a cargo de la de la Procuradur\u00eda Federal del Consumidor (PROFECO), con la finalidad de que sus datos personales no sean utilizados para recibir publicidad o promociones de empresas de bienes o servicios.<\/strong><\/li><\/ul>\n\n\n\n<p><strong>Para mayor informaci\u00f3n enviar solicitud v\u00eda electr\u00f3nica a la direcci\u00f3n privacidad@gmcapital.com.mx.<\/strong><\/p>\n\n\n\n<p><strong>Uso de cookies u otras tecnolog\u00edas.<\/strong><\/p>\n\n\n\n<p><strong>Al ingresar a los sitios web de GM Capital, se identifica su Direcci\u00f3n IP, la cual es utilizada \u00fanicamente para fines estad\u00edsticos y de administraci\u00f3n, as\u00ed como para crear una mejor experiencia de navegaci\u00f3n.<\/strong><\/p>\n\n\n\n<p><strong>Estas cookies y otras tecnolog\u00edas pueden ser deshabilitadas a trav\u00e9s de su navegador de Internet, sin embargo es necesario que las mantenga habilitadas durante su navegaci\u00f3n para el funcionamiento \u00f3ptimo del sitio.<\/strong><\/p>\n\n\n\n<p><strong>Uso de fotograf\u00edas y\/o videos.<\/strong><\/p>\n\n\n\n<p><strong>GM Capital podr\u00e1 recabar fotograf\u00edas y\/o videos de toda aquella persona que ingrese a sus instalaciones, mediante el circuito cerrado que posee la compa\u00f1\u00eda. Estas im\u00e1genes ser\u00e1n de uso exclusivo del responsable, con la finalidad de garantizar la seguridad de las personas que ingresan a sus instalaciones. Los respaldos de las grabaciones son resguardados bajo estricta seguridad y solo el personal autorizado puede tener acceso a los mismos.<\/strong><\/p>\n\n\n\n<p><strong>Medidas de seguridad.<\/strong><\/p>\n\n\n\n<p><strong>GM Capital mantiene las precauciones necesarias para conservar su informaci\u00f3n personal segura. Toda aquella informaci\u00f3n personalizada e identificable, est\u00e1 sujeta a acceso restringido respecto a la informaci\u00f3n electr\u00f3nica y f\u00edsica recabada por la compa\u00f1\u00eda, con la finalidad de evitar accesos no autorizados, modificaciones o mal uso de sus datos.<\/strong><\/p>\n\n\n\n<p><strong>Para proteger los datos personales que recaba la compa\u00f1\u00eda, se emplean medidas de seguridad que garantizan su conservaci\u00f3n. Todo el personal de la compa\u00f1\u00eda, encargado del tratamiento y resguardo de datos personales, se encuentra vinculado por obligaciones contractuales de confidencialidad y se encuentra debidamente capacitado y comprometido para tratar sus datos personales preservando su privacidad.<\/strong><\/p>\n\n\n\n<p><strong>Cambios en el Aviso de Privacidad.<\/strong><\/p>\n\n\n\n<p><strong>De modificarse este aviso de privacidad, el responsable publicar\u00e1 en su sitio web <\/strong><a href=\"http:\/\/www.gmcapital.com.mx\/\"><strong>www.gmcapital.com.mx<\/strong><\/a><strong> el nuevo aviso de privacidad, por lo cual lo invitamos a que visite esta secci\u00f3n peri\u00f3dicamente con la finalidad de que permanezca informado acerca de cualquier cambio.<\/strong><\/p>\n\n\n\n<p><strong>Autoridad encargada de velar por el cumplimiento de la Ley.<\/strong><\/p>\n\n\n\n<p><strong>Si usted considera que su derecho a la protecci\u00f3n de sus datos personales ha sido lesionado por alguna conducta u omisi\u00f3n de parte de GM Capital, o presume alguna violaci\u00f3n a las disposiciones previstas en la Ley Federal de Protecci\u00f3n de Datos Personales en Posesi\u00f3n de los Particulares, su Reglamento y dem\u00e1s ordenamientos aplicables, podr\u00e1 interponer su inconformidad o denuncia ante el Instituto Nacional de Transparencia, Acceso a la Informaci\u00f3n y Protecci\u00f3n de Datos Personales (INAI). Para mayor informaci\u00f3n, le sugerimos visitar su p\u00e1gina de internet oficial <\/strong><a href=\"http:\/\/www.inai.org.mx\/\"><strong>www.inai.org.mx<\/strong><\/a><strong>.<\/strong><\/p>\n\n\n\n<p><strong>Fecha de \u00faltima modificaci\u00f3n, el d\u00eda 10 de abril de 2019<\/strong><\/p>\n","protected":false},"excerpt":{"rendered":"<p>Inmobiliaria Valle de Colorines, S.A. de C.V. y sus subsidiarias y\/o filiales, en conjunto denominadas GM Capital, con domicilio en Batall\u00f3n de San Patricio No. 1000, Interior 7, Residencial San Agust\u00edn, San Pedro Garza Garc\u00eda, N.L. 66260, comprometido con la protecci\u00f3n de datos personales y en cumplimiento a la Ley Federal de Protecci\u00f3n de Datos [&hellip;]<\/p>\n","protected":false},"author":1,"featured_media":0,"parent":0,"menu_order":0,"comment_status":"closed","ping_status":"closed","template":"page-terminos.php","meta":[],"yoast_head":"<!-- This site is optimized with the Yoast SEO plugin v15.3 - https:\/\/yoast.com\/wordpress\/plugins\/seo\/ -->\n<title>AVISO DE PRIVACIDAD - Plaza Fiesta San Agust\u00edn<\/title>\n<meta name=\"robots\" content=\"index, follow, max-snippet:-1, max-image-preview:large, max-video-preview:-1\" \/>\n<link rel=\"canonical\" href=\"http:\/\/apps.olozfera.mx\/plazas\/pfsa\/aviso-de-privacidad\/\" \/>\n<meta property=\"og:locale\" content=\"es_MX\" \/>\n<meta property=\"og:type\" content=\"article\" \/>\n<meta property=\"og:title\" content=\"AVISO DE PRIVACIDAD - Plaza Fiesta San Agust\u00edn\" \/>\n<meta property=\"og:description\" content=\"Inmobiliaria Valle de Colorines, S.A. de C.V. y sus subsidiarias y\/o filiales, en conjunto denominadas GM Capital, con domicilio en Batall\u00f3n de San Patricio No. 1000, Interior 7, Residencial San Agust\u00edn, San Pedro Garza Garc\u00eda, N.L. 66260, comprometido con la protecci\u00f3n de datos personales y en cumplimiento a la Ley Federal de Protecci\u00f3n de Datos [&hellip;]\" \/>\n<meta property=\"og:url\" content=\"http:\/\/apps.olozfera.mx\/plazas\/pfsa\/aviso-de-privacidad\/\" \/>\n<meta property=\"og:site_name\" content=\"Plaza Fiesta San Agust\u00edn\" \/>\n<meta property=\"article:modified_time\" content=\"2020-11-20T18:07:20+00:00\" \/>\n<meta name=\"twitter:card\" content=\"summary_large_image\" \/>\n<meta name=\"twitter:label1\" content=\"Written by\">\n\t<meta name=\"twitter:data1\" content=\"admin\">\n\t<meta name=\"twitter:label2\" content=\"Est. reading time\">\n\t<meta name=\"twitter:data2\" content=\"7 minutos\">\n<script type=\"application\/ld+json\" class=\"yoast-schema-graph\">{\"@context\":\"https:\/\/schema.org\",\"@graph\":[{\"@type\":\"WebSite\",\"@id\":\"http:\/\/apps.olozfera.mx\/plazas\/pfsa\/#website\",\"url\":\"http:\/\/apps.olozfera.mx\/plazas\/pfsa\/\",\"name\":\"Plaza Fiesta San Agust\\u00edn\",\"description\":\"Otro sitio m\\u00e1s de plazas fiesta Sitios\",\"potentialAction\":[{\"@type\":\"SearchAction\",\"target\":\"http:\/\/apps.olozfera.mx\/plazas\/pfsa\/?s={search_term_string}\",\"query-input\":\"required name=search_term_string\"}],\"inLanguage\":\"es-MX\"},{\"@type\":\"WebPage\",\"@id\":\"http:\/\/apps.olozfera.mx\/plazas\/pfsa\/aviso-de-privacidad\/#webpage\",\"url\":\"http:\/\/apps.olozfera.mx\/plazas\/pfsa\/aviso-de-privacidad\/\",\"name\":\"AVISO DE PRIVACIDAD - Plaza Fiesta San Agust\\u00edn\",\"isPartOf\":{\"@id\":\"http:\/\/apps.olozfera.mx\/plazas\/pfsa\/#website\"},\"datePublished\":\"2020-11-20T18:04:22+00:00\",\"dateModified\":\"2020-11-20T18:07:20+00:00\",\"breadcrumb\":{\"@id\":\"http:\/\/apps.olozfera.mx\/plazas\/pfsa\/aviso-de-privacidad\/#breadcrumb\"},\"inLanguage\":\"es-MX\",\"potentialAction\":[{\"@type\":\"ReadAction\",\"target\":[\"http:\/\/apps.olozfera.mx\/plazas\/pfsa\/aviso-de-privacidad\/\"]}]},{\"@type\":\"BreadcrumbList\",\"@id\":\"http:\/\/apps.olozfera.mx\/plazas\/pfsa\/aviso-de-privacidad\/#breadcrumb\",\"itemListElement\":[{\"@type\":\"ListItem\",\"position\":1,\"item\":{\"@type\":\"WebPage\",\"@id\":\"http:\/\/apps.olozfera.mx\/plazas\/pfsa\/\",\"url\":\"http:\/\/apps.olozfera.mx\/plazas\/pfsa\/\",\"name\":\"Inicio\"}},{\"@type\":\"ListItem\",\"position\":2,\"item\":{\"@type\":\"WebPage\",\"@id\":\"http:\/\/apps.olozfera.mx\/plazas\/pfsa\/aviso-de-privacidad\/\",\"url\":\"http:\/\/apps.olozfera.mx\/plazas\/pfsa\/aviso-de-privacidad\/\",\"name\":\"AVISO DE PRIVACIDAD\"}}]}]}<\/script>\n<!-- \/ Yoast SEO plugin. -->","_links":{"self":[{"href":"http:\/\/apps.olozfera.mx\/plazas\/pfsa\/wp-json\/wp\/v2\/pages\/469"}],"collection":[{"href":"http:\/\/apps.olozfera.mx\/plazas\/pfsa\/wp-json\/wp\/v2\/pages"}],"about":[{"href":"http:\/\/apps.olozfera.mx\/plazas\/pfsa\/wp-json\/wp\/v2\/types\/page"}],"author":[{"embeddable":true,"href":"http:\/\/apps.olozfera.mx\/plazas\/pfsa\/wp-json\/wp\/v2\/users\/1"}],"replies":[{"embeddable":true,"href":"http:\/\/apps.olozfera.mx\/plazas\/pfsa\/wp-json\/wp\/v2\/comments?post=469"}],"version-history":[{"count":2,"href":"http:\/\/apps.olozfera.mx\/plazas\/pfsa\/wp-json\/wp\/v2\/pages\/469\/revisions"}],"predecessor-version":[{"id":471,"href":"http:\/\/apps.olozfera.mx\/plazas\/pfsa\/wp-json\/wp\/v2\/pages\/469\/revisions\/471"}],"wp:attachment":[{"href":"http:\/\/apps.olozfera.mx\/plazas\/pfsa\/wp-json\/wp\/v2\/media?parent=469"}],"curies":[{"name":"wp","href":"https:\/\/api.w.org\/{rel}","templated":true}]}}